{"id":2971,"date":"2022-11-15T21:21:07","date_gmt":"2022-11-15T21:21:07","guid":{"rendered":"https:\/\/wildhologram.com\/?page_id=2971"},"modified":"2026-03-08T14:18:28","modified_gmt":"2026-03-08T14:18:28","slug":"rebirthing-termal","status":"publish","type":"page","link":"https:\/\/wildhologram.com\/?page_id=2971","title":{"rendered":"Rebirthing Termal"},"content":{"rendered":"\t\t<div data-elementor-type=\"wp-page\" data-elementor-id=\"2971\" class=\"elementor elementor-2971\">\n\t\t\t\t\t\t<section class=\"elementor-section elementor-top-section elementor-element elementor-element-ac0326b elementor-section-boxed elementor-section-height-default elementor-section-height-default\" data-id=\"ac0326b\" data-element_type=\"section\">\n\t\t\t\t\t\t<div class=\"elementor-container elementor-column-gap-default\">\n\t\t\t\t\t<div class=\"elementor-column elementor-col-100 elementor-top-column elementor-element elementor-element-c7225b3\" data-id=\"c7225b3\" data-element_type=\"column\">\n\t\t\t<div class=\"elementor-widget-wrap elementor-element-populated\">\n\t\t\t\t\t\t<div class=\"elementor-element elementor-element-7000f4e elementor-widget elementor-widget-text-editor\" data-id=\"7000f4e\" data-element_type=\"widget\" data-widget_type=\"text-editor.default\">\n\t\t\t\t<div class=\"elementor-widget-container\">\n\t\t\t\t\t\t\t\t\t<p><span style=\"color: #993300;\"><strong>EXPERIENCIA SOMATICA TERMAL<\/strong><\/span><\/p><p>Reserva de la Biosphera G\u00eares \u2013 Xur\u00e9s\u00a0 Ourense<\/p><p>Info y reservas : WhatsApp \/ Telegram\u00a0 \u00a0<span style=\"color: #993300;\">+34 644 906 634<\/span><\/p>\t\t\t\t\t\t\t\t<\/div>\n\t\t\t\t<\/div>\n\t\t\t\t\t<\/div>\n\t\t<\/div>\n\t\t\t\t\t<\/div>\n\t\t<\/section>\n\t\t\t\t<section class=\"elementor-section elementor-top-section elementor-element elementor-element-939d17f elementor-section-boxed elementor-section-height-default elementor-section-height-default\" data-id=\"939d17f\" data-element_type=\"section\">\n\t\t\t\t\t\t<div class=\"elementor-container elementor-column-gap-default\">\n\t\t\t\t\t<div class=\"elementor-column elementor-col-100 elementor-top-column elementor-element elementor-element-e7d9831\" data-id=\"e7d9831\" data-element_type=\"column\">\n\t\t\t<div class=\"elementor-widget-wrap elementor-element-populated\">\n\t\t\t\t\t\t<div class=\"elementor-element elementor-element-061187a elementor-arrows-position-inside elementor-pagination-position-outside elementor-widget elementor-widget-image-carousel\" data-id=\"061187a\" data-element_type=\"widget\" data-settings=\"{&quot;navigation&quot;:&quot;both&quot;,&quot;autoplay&quot;:&quot;yes&quot;,&quot;pause_on_hover&quot;:&quot;yes&quot;,&quot;pause_on_interaction&quot;:&quot;yes&quot;,&quot;autoplay_speed&quot;:5000,&quot;infinite&quot;:&quot;yes&quot;,&quot;speed&quot;:500}\" data-widget_type=\"image-carousel.default\">\n\t\t\t\t<div class=\"elementor-widget-container\">\n\t\t\t\t\t\t\t<div class=\"elementor-image-carousel-wrapper swiper\" role=\"region\" aria-roledescription=\"carousel\" aria-label=\"Carrusel de im\u00e1genes\" dir=\"ltr\">\n\t\t\t<div class=\"elementor-image-carousel swiper-wrapper\" aria-live=\"off\">\n\t\t\t\t\t\t\t\t<div class=\"swiper-slide\" role=\"group\" aria-roledescription=\"slide\" aria-label=\"1 de 8\"><figure class=\"swiper-slide-inner\"><img decoding=\"async\" class=\"swiper-slide-image\" src=\"https:\/\/wildhologram.com\/wp-content\/uploads\/2022\/11\/BY4NiNrIMAA62m2-540x400.jpeg\" alt=\"BY4NiNrIMAA62m2\" \/><\/figure><\/div><div class=\"swiper-slide\" role=\"group\" aria-roledescription=\"slide\" aria-label=\"2 de 8\"><figure class=\"swiper-slide-inner\"><img decoding=\"async\" class=\"swiper-slide-image\" src=\"https:\/\/wildhologram.com\/wp-content\/uploads\/2022\/11\/DSC_0799-1-540x400.jpg\" alt=\"DSC_0799\" \/><\/figure><\/div><div class=\"swiper-slide\" role=\"group\" aria-roledescription=\"slide\" aria-label=\"3 de 8\"><figure class=\"swiper-slide-inner\"><img decoding=\"async\" class=\"swiper-slide-image\" src=\"https:\/\/wildhologram.com\/wp-content\/uploads\/2022\/11\/fotografia-termas-de-bande-540x400.jpeg\" alt=\"fotografia-termas-de-bande\" \/><\/figure><\/div><div class=\"swiper-slide\" role=\"group\" aria-roledescription=\"slide\" aria-label=\"4 de 8\"><figure class=\"swiper-slide-inner\"><img decoding=\"async\" class=\"swiper-slide-image\" src=\"https:\/\/wildhologram.com\/wp-content\/uploads\/2022\/11\/termas-540x400.jpg\" alt=\"termas\" \/><\/figure><\/div><div class=\"swiper-slide\" role=\"group\" aria-roledescription=\"slide\" aria-label=\"5 de 8\"><figure class=\"swiper-slide-inner\"><img decoding=\"async\" class=\"swiper-slide-image\" src=\"https:\/\/wildhologram.com\/wp-content\/uploads\/2022\/11\/video-aaafb3e953-540x400.jpg\" alt=\"video-aaafb3e953\" \/><\/figure><\/div><div class=\"swiper-slide\" role=\"group\" aria-roledescription=\"slide\" aria-label=\"6 de 8\"><figure class=\"swiper-slide-inner\"><img decoding=\"async\" class=\"swiper-slide-image\" src=\"https:\/\/wildhologram.com\/wp-content\/uploads\/2022\/11\/untitled-1-540x400.jpg\" alt=\"untitled\" \/><\/figure><\/div><div class=\"swiper-slide\" role=\"group\" aria-roledescription=\"slide\" aria-label=\"7 de 8\"><figure class=\"swiper-slide-inner\"><img decoding=\"async\" class=\"swiper-slide-image\" src=\"https:\/\/wildhologram.com\/wp-content\/uploads\/2022\/11\/EE29P44F1_151955-1-540x400.jpg\" alt=\"EE29P44F1_151955\" \/><\/figure><\/div><div class=\"swiper-slide\" role=\"group\" aria-roledescription=\"slide\" aria-label=\"8 de 8\"><figure class=\"swiper-slide-inner\"><img decoding=\"async\" class=\"swiper-slide-image\" src=\"https:\/\/wildhologram.com\/wp-content\/uploads\/2022\/11\/Bnade-Termas-2-400x400.jpg\" alt=\"Bnade-Termas-2\" \/><\/figure><\/div>\t\t\t<\/div>\n\t\t\t\t\t\t\t\t\t\t\t\t<div class=\"elementor-swiper-button elementor-swiper-button-prev\" role=\"button\" tabindex=\"0\">\n\t\t\t\t\t\t<i aria-hidden=\"true\" class=\"eicon-chevron-left\"><\/i>\t\t\t\t\t<\/div>\n\t\t\t\t\t<div class=\"elementor-swiper-button elementor-swiper-button-next\" role=\"button\" tabindex=\"0\">\n\t\t\t\t\t\t<i aria-hidden=\"true\" class=\"eicon-chevron-right\"><\/i>\t\t\t\t\t<\/div>\n\t\t\t\t\n\t\t\t\t\t\t\t\t\t<div class=\"swiper-pagination\"><\/div>\n\t\t\t\t\t\t\t\t\t<\/div>\n\t\t\t\t\t\t<\/div>\n\t\t\t\t<\/div>\n\t\t\t\t\t<\/div>\n\t\t<\/div>\n\t\t\t\t\t<\/div>\n\t\t<\/section>\n\t\t\t\t<section class=\"elementor-section elementor-top-section elementor-element elementor-element-a670e62 elementor-section-boxed elementor-section-height-default elementor-section-height-default\" data-id=\"a670e62\" data-element_type=\"section\">\n\t\t\t\t\t\t<div class=\"elementor-container elementor-column-gap-default\">\n\t\t\t\t\t<div class=\"elementor-column elementor-col-100 elementor-top-column elementor-element elementor-element-350d326\" data-id=\"350d326\" data-element_type=\"column\">\n\t\t\t<div class=\"elementor-widget-wrap elementor-element-populated\">\n\t\t\t\t\t\t<div class=\"elementor-element elementor-element-59f54ef elementor-widget elementor-widget-text-editor\" data-id=\"59f54ef\" data-element_type=\"widget\" data-widget_type=\"text-editor.default\">\n\t\t\t\t<div class=\"elementor-widget-container\">\n\t\t\t\t\t\t\t\t\t<p data-start=\"276\" data-end=\"297\"><span style=\"color: #4a2e08;\">Rebirthing Termal<\/span><\/p><h2 data-start=\"298\" data-end=\"327\"><span style=\"color: #4a2e08;\">Agua caliente de monta\u00f1a<\/span><\/h2><h2 data-start=\"334\" data-end=\"353\"><span style=\"color: #4a2e08;\">La experiencia<\/span><\/h2><p data-start=\"355\" data-end=\"434\"><span style=\"color: #4a2e08;\">Rebirthing Termal es una experiencia individual en aguas termales de monta\u00f1a.<\/span><\/p><p data-start=\"436\" data-end=\"575\"><span style=\"color: #4a2e08;\">Un espacio de inmersi\u00f3n donde el cuerpo recupera su lenguaje original y la percepci\u00f3n se expande m\u00e1s all\u00e1 del condicionamiento aprendido.<\/span><\/p><p data-start=\"577\" data-end=\"739\"><span style=\"color: #4a2e08;\">A trav\u00e9s del movimiento sutil, la respiraci\u00f3n consciente y el contacto en agua caliente, se activa una reorganizaci\u00f3n profunda del sistema corporal y emocional.<\/span><\/p><p data-start=\"741\" data-end=\"837\"><span style=\"color: #4a2e08;\">Cada sesi\u00f3n abre un estado de presencia ampliada, claridad interna y escucha sensorial refinada.<\/span><\/p><h2 data-start=\"844\" data-end=\"857\"><span style=\"color: #4a2e08;\">El medio<\/span><\/h2><p data-start=\"859\" data-end=\"917\"><span style=\"color: #4a2e08;\">El agua termal no es solo un entorno. Es un catalizador.<\/span><\/p><p data-start=\"919\" data-end=\"1091\"><span style=\"color: #4a2e08;\">Su temperatura, densidad y mineralizaci\u00f3n crean las condiciones \u00f3ptimas para que el sistema nervioso reduzca la hiperactivaci\u00f3n y acceda a estados de regulaci\u00f3n profunda.<\/span><\/p><p data-start=\"1095\" data-end=\"1134\"><span style=\"color: #4a2e08;\">Iones negativos y minerales naturales<\/span><\/p><p data-start=\"1137\" data-end=\"1185\"><span style=\"color: #4a2e08;\">Calor sostenido que favorece la vasodilataci\u00f3n<\/span><\/p><p data-start=\"1188\" data-end=\"1253\"><span style=\"color: #4a2e08;\">Presi\u00f3n hidrost\u00e1tica que mejora la circulaci\u00f3n y la oxigenaci\u00f3n<\/span><\/p><p data-start=\"1256\" data-end=\"1316\"><span style=\"color: #4a2e08;\">Sensaci\u00f3n de flotaci\u00f3n que disminuye la carga gravitatoria<\/span><\/p><p data-start=\"1318\" data-end=\"1415\"><span style=\"color: #4a2e08;\">En este medio tridimensional, el cuerpo puede soltarse sin esfuerzo y reorganizarse desde dentro.<\/span><\/p><h2 data-start=\"1422\" data-end=\"1455\"><span style=\"color: #4a2e08;\">Regulaci\u00f3n y neurofisiolog\u00eda<\/span><\/h2><p data-start=\"1457\" data-end=\"1551\"><span style=\"color: #4a2e08;\">La inmersi\u00f3n en agua caliente activa mecanismos biol\u00f3gicos vinculados al equilibrio interno.<\/span><\/p><p data-start=\"1553\" data-end=\"1703\"><span style=\"color: #4a2e08;\">La combinaci\u00f3n de flotaci\u00f3n y respiraci\u00f3n coordinada estimula el sistema parasimp\u00e1tico, asociado a estados de calma, recuperaci\u00f3n y claridad mental.<\/span><\/p><p data-start=\"1705\" data-end=\"1850\"><span style=\"color: #4a2e08;\">Se favorece la interocepci\u00f3n \u2014la capacidad de sentir el propio cuerpo desde dentro\u2014, as\u00ed como la propiocepci\u00f3n y la percepci\u00f3n emocional sutil.<\/span><\/p><p data-start=\"1852\" data-end=\"1932\"><span style=\"color: #4a2e08;\">El resultado es una reorganizaci\u00f3n progresiva de patrones f\u00edsicos y perceptivos.<\/span><\/p><h2 data-start=\"1939\" data-end=\"1972\"><span style=\"color: #4a2e08;\">Beneficios de la experiencia<\/span><\/h2><p data-start=\"1976\" data-end=\"2022\"><span style=\"color: #4a2e08;\">Liberaci\u00f3n de tensiones profundas acumuladas<\/span><\/p><p data-start=\"2025\" data-end=\"2058\"><span style=\"color: #4a2e08;\">Regulaci\u00f3n del sistema nervioso<\/span><\/p><p data-start=\"2061\" data-end=\"2107\"><span style=\"color: #4a2e08;\">Mejora de la percepci\u00f3n corporal y sensorial<\/span><\/p><p data-start=\"2110\" data-end=\"2169\"><span style=\"color: #4a2e08;\">Ordenaci\u00f3n de la mente a trav\u00e9s del movimiento consciente<\/span><\/p><p data-start=\"2172\" data-end=\"2210\"><span style=\"color: #4a2e08;\">Ampliaci\u00f3n de la conciencia corporal<\/span><\/p><p data-start=\"2213\" data-end=\"2256\"><span style=\"color: #4a2e08;\">Sensaci\u00f3n de bienestar f\u00edsico y emocional<\/span><\/p><p data-start=\"2213\" data-end=\"2256\"><span style=\"color: #4a2e08;\">Reconexi\u00f3n con una dimensi\u00f3n m\u00e1s esencial y org\u00e1nica del ser<\/span><\/p><p data-start=\"2323\" data-end=\"2433\"><span style=\"color: #4a2e08;\">Este trabajo en agua facilita procesos de liberaci\u00f3n y reajuste interno desde un estado de seguridad y sost\u00e9n.<\/span><\/p><h2 data-start=\"2440\" data-end=\"2481\"><span style=\"color: #4a2e08;\">Un espacio de renacimiento sensorial<\/span><\/h2><p data-start=\"2483\" data-end=\"2509\"><span style=\"color: #4a2e08;\">Cada encuentro es \u00fanico.<\/span><\/p><p data-start=\"2511\" data-end=\"2628\"><span style=\"color: #4a2e08;\">Un viaje donde respiraci\u00f3n, movimiento y agua se integran para recuperar presencia, coherencia interna y vitalidad.<\/span><\/p><p data-start=\"2630\" data-end=\"2762\"><span style=\"color: #4a2e08;\">Una experiencia de inmersi\u00f3n que permite soltar lo aprendido, afinar la percepci\u00f3n y volver al cuerpo como territorio de conciencia.<\/span><\/p>\t\t\t\t\t\t\t\t<\/div>\n\t\t\t\t<\/div>\n\t\t\t\t\t<\/div>\n\t\t<\/div>\n\t\t\t\t\t<\/div>\n\t\t<\/section>\n\t\t\t\t<\/div>\n\t\t","protected":false},"excerpt":{"rendered":"<p>EXPERIENCIA SOMATICA TERMAL Reserva de la Biosphera G\u00eares \u2013 Xur\u00e9s\u00a0 &hellip; <\/p>\n","protected":false},"author":2,"featured_media":0,"parent":0,"menu_order":0,"comment_status":"closed","ping_status":"closed","template":"","meta":{"footnotes":""},"class_list":["post-2971","page","type-page","status-publish","hentry","grid-sizer"],"_links":{"self":[{"href":"https:\/\/wildhologram.com\/index.php?rest_route=\/wp\/v2\/pages\/2971","targetHints":{"allow":["GET"]}}],"collection":[{"href":"https:\/\/wildhologram.com\/index.php?rest_route=\/wp\/v2\/pages"}],"about":[{"href":"https:\/\/wildhologram.com\/index.php?rest_route=\/wp\/v2\/types\/page"}],"author":[{"embeddable":true,"href":"https:\/\/wildhologram.com\/index.php?rest_route=\/wp\/v2\/users\/2"}],"replies":[{"embeddable":true,"href":"https:\/\/wildhologram.com\/index.php?rest_route=%2Fwp%2Fv2%2Fcomments&post=2971"}],"version-history":[{"count":5,"href":"https:\/\/wildhologram.com\/index.php?rest_route=\/wp\/v2\/pages\/2971\/revisions"}],"predecessor-version":[{"id":5960,"href":"https:\/\/wildhologram.com\/index.php?rest_route=\/wp\/v2\/pages\/2971\/revisions\/5960"}],"wp:attachment":[{"href":"https:\/\/wildhologram.com\/index.php?rest_route=%2Fwp%2Fv2%2Fmedia&parent=2971"}],"curies":[{"name":"wp","href":"https:\/\/api.w.org\/{rel}","templated":true}]}}