{"id":3882,"date":"2022-12-29T15:38:58","date_gmt":"2022-12-29T15:38:58","guid":{"rendered":"https:\/\/wildhologram.com\/?page_id=3882"},"modified":"2022-12-29T17:09:35","modified_gmt":"2022-12-29T17:09:35","slug":"cabo-de-gata-almeria","status":"publish","type":"page","link":"https:\/\/wildhologram.com\/?page_id=3882","title":{"rendered":"Cabo de Gata &#8211; Almeria"},"content":{"rendered":"\n<p>P\u00e1gina e construcci\u00f3n&#8230;.llevar\u00e1 unos d\u00edas..gracias<\/p>\n","protected":false},"excerpt":{"rendered":"<p>P\u00e1gina e construcci\u00f3n&#8230;.llevar\u00e1 unos d\u00edas..gracias<\/p>\n","protected":false},"author":2,"featured_media":0,"parent":0,"menu_order":0,"comment_status":"closed","ping_status":"closed","template":"","meta":{"footnotes":""},"class_list":["post-3882","page","type-page","status-publish","hentry","grid-sizer"],"_links":{"self":[{"href":"https:\/\/wildhologram.com\/index.php?rest_route=\/wp\/v2\/pages\/3882","targetHints":{"allow":["GET"]}}],"collection":[{"href":"https:\/\/wildhologram.com\/index.php?rest_route=\/wp\/v2\/pages"}],"about":[{"href":"https:\/\/wildhologram.com\/index.php?rest_route=\/wp\/v2\/types\/page"}],"author":[{"embeddable":true,"href":"https:\/\/wildhologram.com\/index.php?rest_route=\/wp\/v2\/users\/2"}],"replies":[{"embeddable":true,"href":"https:\/\/wildhologram.com\/index.php?rest_route=%2Fwp%2Fv2%2Fcomments&post=3882"}],"version-history":[{"count":3,"href":"https:\/\/wildhologram.com\/index.php?rest_route=\/wp\/v2\/pages\/3882\/revisions"}],"predecessor-version":[{"id":3915,"href":"https:\/\/wildhologram.com\/index.php?rest_route=\/wp\/v2\/pages\/3882\/revisions\/3915"}],"wp:attachment":[{"href":"https:\/\/wildhologram.com\/index.php?rest_route=%2Fwp%2Fv2%2Fmedia&parent=3882"}],"curies":[{"name":"wp","href":"https:\/\/api.w.org\/{rel}","templated":true}]}}